{"id":10276,"date":"2024-07-15T07:18:54","date_gmt":"2024-07-17T09:39:28","guid":{"rendered":"https:\/\/sunvet.com.vn\/?post_type=product&#038;p=10276"},"modified":"2024-07-19T04:25:43","modified_gmt":"2024-07-19T04:25:43","slug":"septryl-24","status":"publish","type":"product","link":"https:\/\/sunvet.com.vn\/vi\/san-pham\/septryl-24\/","title":{"rendered":"SEPTRYL 24"},"content":{"rendered":"<p><strong><span style=\"color: #000000;\">SEPTRYL 24<\/span><\/strong><\/p>\n<p><strong><span style=\"color: #000000;\">DUNG D\u1ecaCH TI\u00caM<\/span><\/strong><\/p>\n<p><strong><span style=\"color: #000000;\">\u0110I\u1ec0U TR\u1eca TI\u00caU CH\u1ea2Y PH\u00c2N TR\u1eaeNG<\/span><\/strong><\/p>\n<p><span style=\"color: #000000;\"><strong>\u00a0<\/strong><\/span><\/p>\n<p><span style=\"color: #000000;\"><strong>TH\u00c0NH<\/strong><strong> PH\u1ea6N<\/strong><strong>: <\/strong><\/span><\/p>\n<p><span style=\"color: #000000;\">Sulfamethoxazole&#8230;&#8230;&#8230;&#8230;&#8230;&#8230;&#8230;&#8230;&#8230;&#8230;&#8230;.. 20 g<\/span><\/p>\n<p><span style=\"color: #000000;\">Trimethoprim&#8230;&#8230;&#8230;&#8230;&#8230;&#8230;&#8230;&#8230;&#8230;&#8230;&#8230;&#8230;&#8230;&#8230;&#8230; 4 g<\/span><\/p>\n<p><span style=\"color: #000000;\">Dung m\u00f4i v\u1eeba \u0111\u1ee7&#8230;&#8230;&#8230;&#8230;&#8230;&#8230;&#8230;&#8230;&#8230;&#8230;.. 100 ml<\/span><\/p>\n<p>&nbsp;<\/p>\n<p><span style=\"color: #000000;\"><strong>C\u00d4NG<\/strong><strong> D\u1ee4NG<\/strong><strong>:<\/strong><\/span><\/p>\n<p><span style=\"color: #000000;\">Tr\u1ecb vi\u00eam ph\u1ed5i, CRD, suy\u1ec5n l\u1ee3n, vi\u00eam ru\u1ed9t, ti\u00eau ch\u1ea3y, th\u01b0\u01a1ng h\u00e0n, vi\u00eam t\u1eed cung, vi\u00eam v\u00fa.<\/span><\/p>\n<p>&nbsp;<\/p>\n<p><span style=\"color: #000000;\"><strong>LI\u1ec0U<\/strong><strong> V\u00c0 C\u00c1CH D\u00d9NG<\/strong><strong>:<\/strong><\/span><\/p>\n<p><span style=\"color: #000000;\">Ti\u00eam b\u1eafp, li\u00ean t\u1ee5c 3 \u2013 5 ng\u00e0y..<\/span><\/p>\n<ul>\n<li><span style=\"color: #000000;\">Tr\u00e2u, b\u00f2: 1 ml\/ 15 \u2013 18 kg th\u1ec3 tr\u1ecdng\/ ng\u00e0y.<\/span><\/li>\n<li><span style=\"color: #000000;\">Heo, d\u00ea, c\u1eebu: 1 ml\/ 15 kg th\u1ec3 tr\u1ecdng\/ ng\u00e0y.<\/span><\/li>\n<li><span style=\"color: #000000;\">G\u00e0, v\u1ecbt: 1 ml\/ 7 \u2013 10 kg th\u1ec3 tr\u1ecdng\/ ng\u00e0y.<\/span><\/li>\n<\/ul>\n<p>&nbsp;<\/p>\n<p><span style=\"color: #000000;\"><strong>TH\u1edcI<\/strong><strong> GIAN NG\u01afNG D\u00d9NG THU\u1ed0C<\/strong>:<\/span><\/p>\n<p><span style=\"color: #000000;\">\u0110\u1ec3 l\u1ea5y th\u1ecbt: 14 ng\u00e0y.<\/span><\/p>\n<p><span style=\"color: #000000;\">\u00a0\u00a0\u00a0\u00a0 \u00a0\u00a0\u00a0\u00a0\u00a0\u00a0\u00a0\u00a0\u00a0\u00a0\u00a0\u00a0\u00a0\u00a0\u00a0\u00a0\u00a0\u00a0\u00a0\u00a0\u00a0\u00a0\u00a0\u00a0\u00a0\u00a0\u00a0\u00a0\u00a0\u00a0<\/span><\/p>\n<p><span style=\"color: #000000;\"><strong>B\u1ea2O<\/strong><strong> QU\u1ea2N<\/strong>: N\u01a1i kh\u00f4 tho\u00e1ng, nhi\u1ec7t \u0111\u1ed9 kh\u00f4ng qu\u00e1 30<sup>o<\/sup>C.<\/span><\/p>\n<p><span style=\"color: #000000;\"><strong>CH\u1ec8<\/strong><strong> D\u00d9NG TRONG TH\u00da Y<\/strong><strong>.<\/strong><\/span><\/p>\n<p><span style=\"color: #000000;\"><strong>S\u0110K<\/strong>: APC &#8211; 23<\/span><\/p>\n<p><span style=\"color: #000000;\"><strong>Th\u1ec3<\/strong><strong> t\u00edch th\u1ef1c<\/strong><strong>: 20 ml, <\/strong>100 ml<\/span><\/p>\n","protected":false},"excerpt":{"rendered":"<p>TH\u00c0NH PH\u1ea6N:<\/p>\n<p>Sulfamethoxazole&#8230;&#8230;&#8230;&#8230;&#8230;&#8230;&#8230;&#8230;&#8230;&#8230;&#8230;.. 20 g<\/p>\n<p>Trimethoprim&#8230;&#8230;&#8230;&#8230;&#8230;&#8230;&#8230;&#8230;&#8230;&#8230;&#8230;&#8230;&#8230;&#8230;&#8230; 4 g<\/p>\n<p>Dung m\u00f4i v\u1eeba \u0111\u1ee7&#8230;&#8230;&#8230;&#8230;&#8230;&#8230;&#8230;&#8230;&#8230;&#8230;.. 100 ml<\/p>\n","protected":false},"featured_media":10018,"comment_status":"open","ping_status":"closed","template":"","meta":[],"_links":{"self":[{"href":"https:\/\/sunvet.com.vn\/vi\/wp-json\/wp\/v2\/product\/10276"}],"collection":[{"href":"https:\/\/sunvet.com.vn\/vi\/wp-json\/wp\/v2\/product"}],"about":[{"href":"https:\/\/sunvet.com.vn\/vi\/wp-json\/wp\/v2\/types\/product"}],"replies":[{"embeddable":true,"href":"https:\/\/sunvet.com.vn\/vi\/wp-json\/wp\/v2\/comments?post=10276"}],"wp:featuredmedia":[{"embeddable":true,"href":"https:\/\/sunvet.com.vn\/vi\/wp-json\/wp\/v2\/media\/10018"}],"wp:attachment":[{"href":"https:\/\/sunvet.com.vn\/vi\/wp-json\/wp\/v2\/media?parent=10276"}],"curies":[{"name":"wp","href":"https:\/\/api.w.org\/{rel}","templated":true}]}}